{"id":126,"date":"2011-07-18T20:52:14","date_gmt":"2011-07-18T18:52:14","guid":{"rendered":"https:\/\/www.erps.de\/blog\/?page_id=126"},"modified":"2011-07-21T22:30:25","modified_gmt":"2011-07-21T20:30:25","slug":"faq","status":"publish","type":"page","link":"https:\/\/www.erps.de\/?page_id=126","title":{"rendered":"FAQ &#8211; H\u00e4ufige Fragen und Antworten"},"content":{"rendered":"<div class=\"qa-faqs qa-category cf animation-fade accordion collapsible\">\n\t\t<div class=\"qa-category\">\n\t\t\t<h2 class=\"faq-catname\">Allgemein<\/h2>\n\t\t\t<div id=\"qa-faq0\" class=\"qa-faq\">\n\t\t\t<h3 class=\"qa-faq-title\"><a class=\"qa-faq-anchor\" href=\"https:\/\/www.erps.de\/?qa_faqs=was-bedeutet-erps\">Was bedeutet ERPS?<\/a><\/h3>\n\t\t\t<div class=\"qa-faq-answer\"><p>Die Abk\u00fcrzung ERPS steht f\u00fcr <strong>Ernest Role Playing System<\/strong>. Urspr\u00fcnglich als Arbeitstitel und als Doppeldeutigkeit (Earnest) entworfen, wurde es irgendwann zum Selbstl\u00e4ufer und nicht mehr zu \u00e4ndern. Namen sind sowieso Schall und Rauch.<\/p>\n<\/div><!--.qa-faq-answer-->\n\t\t\t\t<\/div><!--.qa-faq-->\n\t\t\t<div id=\"qa-faq1\" class=\"qa-faq\">\n\t\t\t<h3 class=\"qa-faq-title\"><a class=\"qa-faq-anchor\" href=\"https:\/\/www.erps.de\/?qa_faqs=gibt-es-noch-gedruckte-regelwerke-zu-kaufen\">Gibt es (noch) gedruckte Regelwerke zu kaufen?<\/a><\/h3>\n\t\t\t<div class=\"qa-faq-answer\"><p>Leider ist der Rest der ersten Auflage des 1995 gedruckten Regelwerks bei einem Lagerbrand vernichtet worden. Ab und an kann man mal ein Buch auf Ebay ergattern und m\u00f6glicherweise steht in dem ein oder anderen Laden noch ein Exemplar.<\/p>\n<p>Die zweite Auflage von ERPS gibt es hier im Netz zum kostenlosen Download. M\u00f6glicherweise &#8211; ich will nicht zu viel versprechen &#8211; gibt es irgendwann eine Druckversion von ERPS 2.1 als <strong>Book on Demand<\/strong> zu kaufen.<\/p>\n<\/div><!--.qa-faq-answer-->\n\t\t\t\t<\/div><!--.qa-faq-->\n\t\t\t<div id=\"qa-faq2\" class=\"qa-faq\">\n\t\t\t<h3 class=\"qa-faq-title\"><a class=\"qa-faq-anchor\" href=\"https:\/\/www.erps.de\/?qa_faqs=gibt-es-ubersetzungen-in-andere-sprachen\">Gibt es \u00dcbersetzungen in andere Sprachen?<\/a><\/h3>\n\t\t\t<div class=\"qa-faq-answer\"><p>Bisher nicht. Da ERPS jetzt unter einer freien Lizenz zur Verf\u00fcgung steht, kann sich jeder Interessierte an die \u00dcbersetzung und anschlie\u00dfende Ver\u00f6ffentlichung der Regeln machen. Zumindest eine englische \u00dcbersetzung ist jedoch von unserer Seite eingeplant. Wer daran Interesse hat, sollte sich bei uns melden, damit die \u00dcbersetzungsarbeit koordiniert werden kann.<\/p>\n<\/div><!--.qa-faq-answer-->\n\t\t\t\t<\/div><!--.qa-faq-->\n\t\t\t<\/div><!--.qa-category-->\n\t\t<\/div><!--.qa-faqs -->\n<p>&nbsp;<\/p>\n<div class=\"qa-faqs qa-category cf animation-fade accordion collapsible\">\n\t\t<div class=\"qa-category\">\n\t\t\t<h2 class=\"faq-catname\">Regeln<\/h2>\n\t\t\t<div id=\"qa-faq3\" class=\"qa-faq\">\n\t\t\t<h3 class=\"qa-faq-title\"><a class=\"qa-faq-anchor\" href=\"https:\/\/www.erps.de\/?qa_faqs=welche-regeln-gelten-denn-nun-fur-fantasy-erps\">Welche Regeln gelten denn nun f\u00fcr Fantasy ERPS?<\/a><\/h3>\n\t\t\t<div class=\"qa-faq-answer\"><p>Die aktuelle Regelversion ist 2.1, die allerdings sehr \u00e4hnlich zur Version 2.0 von vor ein paar Jahren ist. Version 2.0 wurde nicht als Gesamtregelwerk ver\u00f6ffentlicht, es gibt nur ein kurzes Regelupdate zur Version 1.0. F\u00fcr die Version 2.1 wird es sowohl ein Regelupdate zur Version 2.0 als auch &#8211; nach und nach &#8211; ein komplett redigiertes Regelwerk geben.<\/p>\n<p>Grunds\u00e4tzlich gilt, da\u00df bei den neuen Regeln auf Kompatibilit\u00e4t gro\u00dfen Wert gelegt wurde. Anpassungen an alten Charakteren k\u00f6nnen bei Bedarf vorgenommen werden. Selbstverst\u00e4ndlich kann ERPS immer noch nach den Regeln 2.0 oder sogar 1.0 gespielt werden.<\/p>\n<\/div><!--.qa-faq-answer-->\n\t\t\t\t<\/div><!--.qa-faq-->\n\t\t\t<\/div><!--.qa-category-->\n\t\t<\/div><!--.qa-faqs -->\n<p>&nbsp;<\/p>\n<div class=\"qa-faqs qa-category cf animation-fade accordion collapsible\">\n\t\t<div class=\"qa-category\">\n\t\t\t<h2 class=\"faq-catname\">Spielwelt<\/h2>\n\t\t\t<div id=\"qa-faq4\" class=\"qa-faq\">\n\t\t\t<h3 class=\"qa-faq-title\"><a class=\"qa-faq-anchor\" href=\"https:\/\/www.erps.de\/?qa_faqs=ist-die-spielwelt-bei-marion-zimmer-bradley-geklaut\">Ist die Spielwelt bei Marion Zimmer Bradley geklaut?<\/a><\/h3>\n\t\t\t<div class=\"qa-faq-answer\"><p>\u00d6hm. Nun. Kreativ entlehnt, w\u00fcrde ich sagen. Die Beschreibung des Gro\u00dfreichs Wastra enth\u00e4lt bestimmte Elemente aus dem Darkover-Zyklus der Autorin. \u00dcbrigens eine durchaus empfehlenswerte Lekt\u00fcre.<\/p>\n<\/div><!--.qa-faq-answer-->\n\t\t\t\t<\/div><!--.qa-faq-->\n\t\t\t<\/div><!--.qa-category-->\n\t\t<\/div><!--.qa-faqs -->\n","protected":false},"excerpt":{"rendered":"<p>&nbsp; &nbsp;<\/p>\n","protected":false},"author":1,"featured_media":0,"parent":0,"menu_order":220,"comment_status":"closed","ping_status":"closed","template":"","meta":[],"_links":{"self":[{"href":"https:\/\/www.erps.de\/index.php?rest_route=\/wp\/v2\/pages\/126"}],"collection":[{"href":"https:\/\/www.erps.de\/index.php?rest_route=\/wp\/v2\/pages"}],"about":[{"href":"https:\/\/www.erps.de\/index.php?rest_route=\/wp\/v2\/types\/page"}],"author":[{"embeddable":true,"href":"https:\/\/www.erps.de\/index.php?rest_route=\/wp\/v2\/users\/1"}],"replies":[{"embeddable":true,"href":"https:\/\/www.erps.de\/index.php?rest_route=%2Fwp%2Fv2%2Fcomments&post=126"}],"version-history":[{"count":26,"href":"https:\/\/www.erps.de\/index.php?rest_route=\/wp\/v2\/pages\/126\/revisions"}],"predecessor-version":[{"id":218,"href":"https:\/\/www.erps.de\/index.php?rest_route=\/wp\/v2\/pages\/126\/revisions\/218"}],"wp:attachment":[{"href":"https:\/\/www.erps.de\/index.php?rest_route=%2Fwp%2Fv2%2Fmedia&parent=126"}],"curies":[{"name":"wp","href":"https:\/\/api.w.org\/{rel}","templated":true}]}}