{"id":128,"date":"2011-07-18T20:53:28","date_gmt":"2011-07-18T18:53:28","guid":{"rendered":"https:\/\/www.erps.de\/blog\/?page_id=128"},"modified":"2011-07-21T22:27:34","modified_gmt":"2011-07-21T20:27:34","slug":"lizenz","status":"publish","type":"page","link":"https:\/\/www.erps.de\/?page_id=128","title":{"rendered":"Lizenzinformationen"},"content":{"rendered":"<p>Du darfst mit allen Inhalten dieser Seite, die nicht sowieso gemeinfrei oder explizit unter einer anderen Lizenz stehen, folgenderma\u00dfen verfahren:<\/p>\n<ul>\n<li>Das Werk bzw. den Inhalt vervielf\u00e4ltigen, verbreiten und \u00f6ffentlich zug\u00e4nglich machen<\/li>\n<li>Abwandlungen und Bearbeitungen des Werkes bzw. Inhaltes anfertigen<\/li>\n<\/ul>\n<p>Dabei mu\u00dft du die folgenden Bedingungen einhalten:<\/p>\n<ul dir=\"ltr\">\n<li><strong>Namensnennung<\/strong> \u2014 Du mu\u00dft den Namen <strong>Ernst-Joachim Preussler<\/strong> und einen Link zu <strong>www.erps.de<\/strong> im Werk an prominenter Stelle nennen.<\/li>\n<li><strong>Keine kommerzielle Nutzung<\/strong> \u2014 Dieses Werk bzw. dieser Inhalt darf nicht f\u00fcr kommerzielle Zwecke verwendet werden.<\/li>\n<li><strong>Weitergabe unter gleichen Bedingungen<\/strong> \u2014 Wenn Du das lizenzierte Werk bzw. den lizenzierten Inhalt bearbeitest oder in anderer Weise erkennbar als Grundlage f\u00fcr eigenes Schaffen verwendest, darfst Du die daraufhin neu entstandenen Werke bzw. Inhalte nur unter Verwendung von Lizenzbedingungen weitergeben, die mit denen dieses Lizenzvertrages identisch oder vergleichbar sind.<\/li>\n<\/ul>\n<p>Um mehr Informationen zu erhalten und den kompletten Lizenztext zu lesen, folge den Links:<\/p>\n<p><a href=\"https:\/\/creativecommons.org\/licenses\/by-nc-sa\/3.0\/de\/\" rel=\"license\"><img style=\"vertical-align: middle;\" src=\"https:\/\/i.creativecommons.org\/l\/by-nc-sa\/3.0\/de\/88x31.png\" alt=\"Creative Commons Attribution-NonCommercial-ShareAlike 3.0 Deutschland\" \/><\/a> <a href=\"https:\/\/creativecommons.org\/licenses\/by-nc-sa\/3.0\/de\/\" rel=\"license\">Creative Commons Attribution-NonCommercial-ShareAlike 3.0 Deutschland<\/a><\/p>\n","protected":false},"excerpt":{"rendered":"<p>Du darfst mit allen Inhalten dieser Seite, die nicht sowieso gemeinfrei oder explizit unter einer anderen Lizenz stehen, folgenderma\u00dfen verfahren: Das Werk bzw. den Inhalt vervielf\u00e4ltigen, verbreiten und \u00f6ffentlich zug\u00e4nglich machen Abwandlungen und Bearbeitungen des Werkes bzw. Inhaltes anfertigen Dabei &hellip; <a class=\"more-link\" href=\"https:\/\/www.erps.de\/?page_id=128\">Continue reading <span class=\"meta-nav\">&rarr;<\/span><\/a><\/p>\n","protected":false},"author":1,"featured_media":0,"parent":0,"menu_order":240,"comment_status":"closed","ping_status":"closed","template":"","meta":[],"_links":{"self":[{"href":"https:\/\/www.erps.de\/index.php?rest_route=\/wp\/v2\/pages\/128"}],"collection":[{"href":"https:\/\/www.erps.de\/index.php?rest_route=\/wp\/v2\/pages"}],"about":[{"href":"https:\/\/www.erps.de\/index.php?rest_route=\/wp\/v2\/types\/page"}],"author":[{"embeddable":true,"href":"https:\/\/www.erps.de\/index.php?rest_route=\/wp\/v2\/users\/1"}],"replies":[{"embeddable":true,"href":"https:\/\/www.erps.de\/index.php?rest_route=%2Fwp%2Fv2%2Fcomments&post=128"}],"version-history":[{"count":6,"href":"https:\/\/www.erps.de\/index.php?rest_route=\/wp\/v2\/pages\/128\/revisions"}],"predecessor-version":[{"id":175,"href":"https:\/\/www.erps.de\/index.php?rest_route=\/wp\/v2\/pages\/128\/revisions\/175"}],"wp:attachment":[{"href":"https:\/\/www.erps.de\/index.php?rest_route=%2Fwp%2Fv2%2Fmedia&parent=128"}],"curies":[{"name":"wp","href":"https:\/\/api.w.org\/{rel}","templated":true}]}}