{"id":136,"date":"2011-07-18T20:56:34","date_gmt":"2011-07-18T18:56:34","guid":{"rendered":"https:\/\/www.erps.de\/blog\/?page_id=136"},"modified":"2011-07-24T19:12:37","modified_gmt":"2011-07-24T17:12:37","slug":"mailinglisten","status":"publish","type":"page","link":"https:\/\/www.erps.de\/?page_id=136","title":{"rendered":"Mailinglisten"},"content":{"rendered":"<p>F\u00fcr diverse Zwecke werden demn\u00e4chst Mailinglisten zur Verf\u00fcgung stehen, \u00fcber die bestimmte Fragen oder Probleme diskutiert werden k\u00f6nnen. Erster Anlaufpunkt zur Diskussion sollte das <a title=\"Das ERPS-Forum\" href=\"https:\/\/www.erps.de\/forum\">Forum<\/a> sein.<\/p>\n","protected":false},"excerpt":{"rendered":"<p>F\u00fcr diverse Zwecke werden demn\u00e4chst Mailinglisten zur Verf\u00fcgung stehen, \u00fcber die bestimmte Fragen oder Probleme diskutiert werden k\u00f6nnen. Erster Anlaufpunkt zur Diskussion sollte das Forum sein.<\/p>\n","protected":false},"author":1,"featured_media":0,"parent":0,"menu_order":40,"comment_status":"closed","ping_status":"closed","template":"","meta":[],"_links":{"self":[{"href":"https:\/\/www.erps.de\/index.php?rest_route=\/wp\/v2\/pages\/136"}],"collection":[{"href":"https:\/\/www.erps.de\/index.php?rest_route=\/wp\/v2\/pages"}],"about":[{"href":"https:\/\/www.erps.de\/index.php?rest_route=\/wp\/v2\/types\/page"}],"author":[{"embeddable":true,"href":"https:\/\/www.erps.de\/index.php?rest_route=\/wp\/v2\/users\/1"}],"replies":[{"embeddable":true,"href":"https:\/\/www.erps.de\/index.php?rest_route=%2Fwp%2Fv2%2Fcomments&post=136"}],"version-history":[{"count":3,"href":"https:\/\/www.erps.de\/index.php?rest_route=\/wp\/v2\/pages\/136\/revisions"}],"predecessor-version":[{"id":235,"href":"https:\/\/www.erps.de\/index.php?rest_route=\/wp\/v2\/pages\/136\/revisions\/235"}],"wp:attachment":[{"href":"https:\/\/www.erps.de\/index.php?rest_route=%2Fwp%2Fv2%2Fmedia&parent=136"}],"curies":[{"name":"wp","href":"https:\/\/api.w.org\/{rel}","templated":true}]}}