{"id":237,"date":"2011-07-24T19:36:19","date_gmt":"2011-07-24T17:36:19","guid":{"rendered":"https:\/\/www.erps.de\/blog\/?page_id=237"},"modified":"2020-11-18T20:31:02","modified_gmt":"2020-11-18T18:31:02","slug":"die-fantasy-erps-spielwelt","status":"publish","type":"page","link":"https:\/\/www.erps.de\/?page_id=237","title":{"rendered":"Die Fantasy ERPS-Spielwelt"},"content":{"rendered":"<p>Die Regeln von ERPS sind allgemeiner Natur und eignen sich grunds\u00e4tzlich f\u00fcr jede Spielwelt, die Spielleiter und Spieler f\u00fcr ihre Fantasy-Abenteuer benutzen wollen. Die meisten mir pers\u00f6nlich bekannten Spielrunden sind jedoch auf der ERPS-eigenen Spielwelt <em>Doria<\/em> angesiedelt und f\u00fcllen diese durch Ideen und Abenteuer kontinuierlich mit Leben.<\/p>\n<p>Am h\u00e4ufigsten beginnt eine Abenteurerkarriere in dem relativ zivilisierten Teil Dorias, den der folgende Kartenausschnitt zeigt. Hier finden sich zahlreiche Kulturkreise, die einen passenden Hintergrund f\u00fcr die Charaktere bieten und f\u00fcr ausreichend interkulturelle Spannungen sorgen. Der Norden wird von Zwergen, Elfen, Orks und Trollen sowie rauhen Nordm\u00e4nnern bewohnt, w\u00e4hrend sich rund um den kleinen Ozean einige Hochkulturen gebildet haben, die in einem immerw\u00e4hrenden Konflikt zueinander stehen. Der S\u00fcden &#8211; hei\u00df und unwirtlich &#8211; ist die Heimat von Nomaden und alten, m\u00e4chtigen W\u00fcsten- und Dschungelreichen. Selbstverst\u00e4ndlich k\u00f6nnen Abenteurer auch von jenseits dieser Karte ihre Laufbahn starten und die Abenteuerrunden mit frischen kulturellen Ideen versorgen.<\/p>\n<div id=\"attachment_238\" style=\"width: 695px\" class=\"wp-caption aligncenter\"><a href=\"https:\/\/www.erps.de\/wp-content\/uploads\/2011\/07\/Karte_ERPS_Doria_klein.jpg\"><img aria-describedby=\"caption-attachment-238\" loading=\"lazy\" class=\"size-full wp-image-238 \" title=\"Karte_ERPS_Doria_klein\" src=\"https:\/\/www.erps.de\/wp-content\/uploads\/2011\/07\/Karte_ERPS_Doria_klein.jpg\" alt=\"Karte Dorias in niedriger Aufl\u00f6sung\" width=\"685\" height=\"448\" srcset=\"https:\/\/www.erps.de\/wp-content\/uploads\/2011\/07\/Karte_ERPS_Doria_klein.jpg 685w, https:\/\/www.erps.de\/wp-content\/uploads\/2011\/07\/Karte_ERPS_Doria_klein-300x196.jpg 300w\" sizes=\"(max-width: 685px) 100vw, 685px\" \/><\/a><p id=\"caption-attachment-238\" class=\"wp-caption-text\">Ein Teil der Spielwelt Doria<\/p><\/div>\n","protected":false},"excerpt":{"rendered":"<p>Die Regeln von ERPS sind allgemeiner Natur und eignen sich grunds\u00e4tzlich f\u00fcr jede Spielwelt, die Spielleiter und Spieler f\u00fcr ihre Fantasy-Abenteuer benutzen wollen. Die meisten mir pers\u00f6nlich bekannten Spielrunden sind jedoch auf der ERPS-eigenen Spielwelt Doria angesiedelt und f\u00fcllen diese &hellip; <a class=\"more-link\" href=\"https:\/\/www.erps.de\/?page_id=237\">Continue reading <span class=\"meta-nav\">&rarr;<\/span><\/a><\/p>\n","protected":false},"author":1,"featured_media":0,"parent":10,"menu_order":0,"comment_status":"closed","ping_status":"closed","template":"","meta":[],"_links":{"self":[{"href":"https:\/\/www.erps.de\/index.php?rest_route=\/wp\/v2\/pages\/237"}],"collection":[{"href":"https:\/\/www.erps.de\/index.php?rest_route=\/wp\/v2\/pages"}],"about":[{"href":"https:\/\/www.erps.de\/index.php?rest_route=\/wp\/v2\/types\/page"}],"author":[{"embeddable":true,"href":"https:\/\/www.erps.de\/index.php?rest_route=\/wp\/v2\/users\/1"}],"replies":[{"embeddable":true,"href":"https:\/\/www.erps.de\/index.php?rest_route=%2Fwp%2Fv2%2Fcomments&post=237"}],"version-history":[{"count":3,"href":"https:\/\/www.erps.de\/index.php?rest_route=\/wp\/v2\/pages\/237\/revisions"}],"predecessor-version":[{"id":741,"href":"https:\/\/www.erps.de\/index.php?rest_route=\/wp\/v2\/pages\/237\/revisions\/741"}],"up":[{"embeddable":true,"href":"https:\/\/www.erps.de\/index.php?rest_route=\/wp\/v2\/pages\/10"}],"wp:attachment":[{"href":"https:\/\/www.erps.de\/index.php?rest_route=%2Fwp%2Fv2%2Fmedia&parent=237"}],"curies":[{"name":"wp","href":"https:\/\/api.w.org\/{rel}","templated":true}]}}