{"id":244,"date":"2011-07-24T23:58:42","date_gmt":"2011-07-24T21:58:42","guid":{"rendered":"https:\/\/www.erps.de\/blog\/?page_id=244"},"modified":"2011-07-25T00:12:09","modified_gmt":"2011-07-24T22:12:09","slug":"die-shit-erps-welt","status":"publish","type":"page","link":"https:\/\/www.erps.de\/?page_id=244","title":{"rendered":"Die SHit-ERPS Welt"},"content":{"rendered":"<p><strong>SHit-ERPS<\/strong> spielt auf der heutigen Erde in der nahen Zukunft. Die technischen Errungenschaften sind praktisch die gleichen, allerdings gibt es drei Ausnahmen zur bekannten Geschichte:<\/p>\n<ul>\n<li>Die Raumfahrt ist weiter fortgeschritten, so dass zivile Fl\u00fcge zu Raumstationen m\u00f6glich sind. Kurzstrecken-Raumjets sind verf\u00fcgbar, weite Reisen ausserhalb des Mondes sind allerdings nicht m\u00f6glich, Prototypen-Raumjets f\u00fcr Reisen zum Mars in kurzer Zeit sind aber im Test. Offizieller Kontakt zu Ausserirdischen ist noch nicht erfolgt, obwohl manche Superhelden ausserirdischen Ursprungs zu sein<br \/>\nscheinen oder Ihre Kraft durch ungew\u00f6hnliche Artefakte erhalten haben.<\/li>\n<li>Ausserdem haben es einzelne Entwickler geschafft, sogenannte Cyberanz\u00fcge zu entwickeln. Diese Anz\u00fcge k\u00f6nnen \u00fcber Gedanken gesteuert werden, allerdings kann jeder Anzug nur auf eine einzelne Person abgestimmt werden, so dass dieser Prozess sehr teuer und aufwendig ist. In den meisten F\u00e4llen tragen die Entwickler daher ihre eigenen Cyberanz\u00fcge. Ausserdem hat sich herausgestellt, dass es nur wenigen Menschen m\u00f6glich ist, sich dem Abstimmungsprozess zu unterziehen.<\/li>\n<li>Seit ca. 1960 gibt es Menschen mit \u00fcbernat\u00fcrlichen Kr\u00e4ften. Soweit dies erforscht ist, stammen die Kr\u00e4fte aus den unterschiedlichsten Quellen: Radioaktivit\u00e4t, verungl\u00fcckte (oder gekl\u00fcckte) Experimente der Gen- oder Chemieforschung, oder einfach nur Zufall, dass bestimmte magische oder ausserirdische Artefakte bei bestimmten Menschen anders als \u00fcblich wirken. Seit 1980 treten geh\u00e4uft auch eine neue Art der<br \/>\nSuperkr\u00e4fte auf: Mutationen. Mutanten werden mit ihrer Superkraft geboren, die Kraft entwickelt sich meistens in der Pubert\u00e4t. Mutanten werden von normalen Menschen oft gehasst, sei es aus Fanatismus oder aus Angst, dass sie die Menschheit unterwerfen k\u00f6nnten. Allerdings gibt es auch gefeierte Superhelden und Personen mit Superkr\u00e4ften, die im Dienst der Regierung stehen. Allerdings wird den meisten Superhelden mit Misstrauen begegnet. Oder warum sollte man sich hinter einer Maske verstecken, wenn man nichts zu verbergen hat?<\/li>\n<\/ul>\n<p>Der Spieler hat verschiedene M\u00f6glichkeiten seinen Charakter zu gestalten. Ob dieser nun Superkr\u00e4fte hat oder nur auf teure Gadgets baut, dem Spieler steht alles offen (auch eine Mixtur aus beidem). Selbst wenn der Spieler einen normalen Menschen spielen m\u00f6chte, ist dies ohne Probleme m\u00f6glich (aber wer will das schon&#8230;).<\/p>\n<p>Die Spielwelt selbst steht den Spielern und dem Spielleitern\u00a0komplett offen, allerdings eignen sich vor allem grosse St\u00e4dte (wie z.B. New York\/Manhattan) am besten als Setting. Da SHit-ERPS zur heutigen Zeit spielt, k\u00f6nnen Spielleiter ohne weiteres aktuelle Themen und Kartenmaterialien verwenden, was es sehr vereinfacht ein Abenteuer zu starten.<\/p>\n<p>Am besten eignet sich als Vorlage allerdings immer noch das Medium aus dem Superhelden eigentlich stammen: Comics.<\/p>\n","protected":false},"excerpt":{"rendered":"<p>SHit-ERPS spielt auf der heutigen Erde in der nahen Zukunft. Die technischen Errungenschaften sind praktisch die gleichen, allerdings gibt es drei Ausnahmen zur bekannten Geschichte: Die Raumfahrt ist weiter fortgeschritten, so dass zivile Fl\u00fcge zu Raumstationen m\u00f6glich sind. Kurzstrecken-Raumjets sind &hellip; <a class=\"more-link\" href=\"https:\/\/www.erps.de\/?page_id=244\">Continue reading <span class=\"meta-nav\">&rarr;<\/span><\/a><\/p>\n","protected":false},"author":3,"featured_media":0,"parent":72,"menu_order":0,"comment_status":"closed","ping_status":"closed","template":"","meta":[],"_links":{"self":[{"href":"https:\/\/www.erps.de\/index.php?rest_route=\/wp\/v2\/pages\/244"}],"collection":[{"href":"https:\/\/www.erps.de\/index.php?rest_route=\/wp\/v2\/pages"}],"about":[{"href":"https:\/\/www.erps.de\/index.php?rest_route=\/wp\/v2\/types\/page"}],"author":[{"embeddable":true,"href":"https:\/\/www.erps.de\/index.php?rest_route=\/wp\/v2\/users\/3"}],"replies":[{"embeddable":true,"href":"https:\/\/www.erps.de\/index.php?rest_route=%2Fwp%2Fv2%2Fcomments&post=244"}],"version-history":[{"count":3,"href":"https:\/\/www.erps.de\/index.php?rest_route=\/wp\/v2\/pages\/244\/revisions"}],"predecessor-version":[{"id":247,"href":"https:\/\/www.erps.de\/index.php?rest_route=\/wp\/v2\/pages\/244\/revisions\/247"}],"up":[{"embeddable":true,"href":"https:\/\/www.erps.de\/index.php?rest_route=\/wp\/v2\/pages\/72"}],"wp:attachment":[{"href":"https:\/\/www.erps.de\/index.php?rest_route=%2Fwp%2Fv2%2Fmedia&parent=244"}],"curies":[{"name":"wp","href":"https:\/\/api.w.org\/{rel}","templated":true}]}}