{"id":32,"date":"2011-05-31T16:24:03","date_gmt":"2011-05-31T14:24:03","guid":{"rendered":"https:\/\/85.214.146.12\/blog\/?page_id=32"},"modified":"2011-07-16T17:43:50","modified_gmt":"2011-07-16T15:43:50","slug":"pulp-erps","status":"publish","type":"page","link":"https:\/\/www.erps.de\/?page_id=32","title":{"rendered":"Pulp ERPS"},"content":{"rendered":"<p>Dinosaurier, Flugscheiben vom Mars, Pyramiden als Sender, versunkene Tempel, dunkle Kreaturen, Magie, Hohle Erde, betrunkene Schriftsteller, Sch\u00fcrzenj\u00e4ger, Goldgr\u00e4ber, T\u00e4nzerinnen, Tycoons, Feuerkraft, Dampfschiffe, Zeppeline, verr\u00fcckte Wissenschaftler.<\/p>\n<p>Billige Schundromane des 19. Jahrhunderts werden lebendig in dieser ERPS-Variante. Pulp eben.<\/p>\n","protected":false},"excerpt":{"rendered":"<p>Dinosaurier, Flugscheiben vom Mars, Pyramiden als Sender, versunkene Tempel, dunkle Kreaturen, Magie, Hohle Erde, betrunkene Schriftsteller, Sch\u00fcrzenj\u00e4ger, Goldgr\u00e4ber, T\u00e4nzerinnen, Tycoons, Feuerkraft, Dampfschiffe, Zeppeline, verr\u00fcckte Wissenschaftler. Billige Schundromane des 19. Jahrhunderts werden lebendig in dieser ERPS-Variante. Pulp eben.<\/p>\n","protected":false},"author":1,"featured_media":255,"parent":0,"menu_order":70,"comment_status":"closed","ping_status":"closed","template":"","meta":[],"_links":{"self":[{"href":"https:\/\/www.erps.de\/index.php?rest_route=\/wp\/v2\/pages\/32"}],"collection":[{"href":"https:\/\/www.erps.de\/index.php?rest_route=\/wp\/v2\/pages"}],"about":[{"href":"https:\/\/www.erps.de\/index.php?rest_route=\/wp\/v2\/types\/page"}],"author":[{"embeddable":true,"href":"https:\/\/www.erps.de\/index.php?rest_route=\/wp\/v2\/users\/1"}],"replies":[{"embeddable":true,"href":"https:\/\/www.erps.de\/index.php?rest_route=%2Fwp%2Fv2%2Fcomments&post=32"}],"version-history":[{"count":5,"href":"https:\/\/www.erps.de\/index.php?rest_route=\/wp\/v2\/pages\/32\/revisions"}],"predecessor-version":[{"id":45,"href":"https:\/\/www.erps.de\/index.php?rest_route=\/wp\/v2\/pages\/32\/revisions\/45"}],"wp:featuredmedia":[{"embeddable":true,"href":"https:\/\/www.erps.de\/index.php?rest_route=\/wp\/v2\/media\/255"}],"wp:attachment":[{"href":"https:\/\/www.erps.de\/index.php?rest_route=%2Fwp%2Fv2%2Fmedia&parent=32"}],"curies":[{"name":"wp","href":"https:\/\/api.w.org\/{rel}","templated":true}]}}