{"id":329,"date":"2016-02-11T14:16:42","date_gmt":"2016-02-11T12:16:42","guid":{"rendered":"https:\/\/www.erps.de\/?page_id=329"},"modified":"2023-10-16T20:06:23","modified_gmt":"2023-10-16T18:06:23","slug":"looterps","status":"publish","type":"page","link":"https:\/\/www.erps.de\/?page_id=329","title":{"rendered":"Dungeons of Doria"},"content":{"rendered":"<p>Mal wieder Lust auf ein klassisches Dungeon-Crawler-Abenteuer?<\/p>\n<p>Einfach mal Monster verhauen, sich auf einer Karte bewegen und seine Z\u00fcge genau mit den Mitspielern zusammen planen? Massenhaft Sch\u00e4tze und neue Waffen und R\u00fcstungen sammeln?<\/p>\n<p>Dungeons of Doria vereint Rollenspiel-Elemente und Brettspiel zu einem kooperativen Spiel, in dem alle gemeinsam gegen das Spiel spielen. Das Dungeon baut sich dabei zuf\u00e4llig auf, es ist kein Spielleiter n\u00f6tig.<\/p>\n<p>Mehr zur Entstehung von Dungeons of Doria und dem vorher unter dem Arbeitsnamen &#8220;LootERPS&#8221; bekannten Regelsystem gibt es unter <a title=\"\u2014 LootERPS Idee\" href=\"https:\/\/www.erps.de\/?page_id=336\">Idee<\/a>. Erfahre unter <a title=\"\u2014 LootERPS Zukunft\" href=\"https:\/\/www.erps.de\/?page_id=339\">Zukunft<\/a>, wie sich das Brettspiel in n\u00e4chster Zeit weiterentwickelt.<\/p>\n<p>Das Regelsystem selbst ist ebenfalls wie ERPS unter der Creative Commons-Lizenz ver\u00f6ffentlicht und kann nat\u00fcrlich unter <a href=\"https:\/\/www.erps.de\/?page_id=37&amp;wpfb_cat=18#wpfb-cat-18\">Download<\/a> heruntergeladen werden. Mehr zum nun erh\u00e4ltlichen Brettspiel ist unter <a href=\"https:\/\/www.dungeonsofdoria.de\" target=\"_blank\" rel=\"noopener noreferrer\">www.dungeonsofdoria.de<\/a> zu finden.<\/p>\n<p>Ausserdem gibt es einen <a href=\"https:\/\/www.dungeonsofdoria.de\/content\/#Newsletter\">Newsletter<\/a>, der unregelm\u00e4ssig erscheint. Wer Interesse an Demo-Runden hat, die neuesten Versionen mitbekommen will und wissen m\u00f6chte, wann das Kickstarter-Projekt oder ein Verkauf losgeht tr\u00e4gt sich <a href=\"https:\/\/www.dungeonsofdoria.de\/content\/#Newsletter\">hier<\/a>\u00a0ein.<\/p>\n","protected":false},"excerpt":{"rendered":"<p>Mal wieder Lust auf ein klassisches Dungeon-Crawler-Abenteuer? Einfach mal Monster verhauen, sich auf einer Karte bewegen und seine Z\u00fcge genau mit den Mitspielern zusammen planen? Massenhaft Sch\u00e4tze und neue Waffen und R\u00fcstungen sammeln? Dungeons of Doria vereint Rollenspiel-Elemente und Brettspiel &hellip; <a class=\"more-link\" href=\"https:\/\/www.erps.de\/?page_id=329\">Continue reading <span class=\"meta-nav\">&rarr;<\/span><\/a><\/p>\n","protected":false},"author":3,"featured_media":666,"parent":0,"menu_order":0,"comment_status":"closed","ping_status":"closed","template":"","meta":[],"_links":{"self":[{"href":"https:\/\/www.erps.de\/index.php?rest_route=\/wp\/v2\/pages\/329"}],"collection":[{"href":"https:\/\/www.erps.de\/index.php?rest_route=\/wp\/v2\/pages"}],"about":[{"href":"https:\/\/www.erps.de\/index.php?rest_route=\/wp\/v2\/types\/page"}],"author":[{"embeddable":true,"href":"https:\/\/www.erps.de\/index.php?rest_route=\/wp\/v2\/users\/3"}],"replies":[{"embeddable":true,"href":"https:\/\/www.erps.de\/index.php?rest_route=%2Fwp%2Fv2%2Fcomments&post=329"}],"version-history":[{"count":12,"href":"https:\/\/www.erps.de\/index.php?rest_route=\/wp\/v2\/pages\/329\/revisions"}],"predecessor-version":[{"id":974,"href":"https:\/\/www.erps.de\/index.php?rest_route=\/wp\/v2\/pages\/329\/revisions\/974"}],"wp:featuredmedia":[{"embeddable":true,"href":"https:\/\/www.erps.de\/index.php?rest_route=\/wp\/v2\/media\/666"}],"wp:attachment":[{"href":"https:\/\/www.erps.de\/index.php?rest_route=%2Fwp%2Fv2%2Fmedia&parent=329"}],"curies":[{"name":"wp","href":"https:\/\/api.w.org\/{rel}","templated":true}]}}