{"id":336,"date":"2016-02-11T15:19:35","date_gmt":"2016-02-11T13:19:35","guid":{"rendered":"https:\/\/www.erps.de\/?page_id=336"},"modified":"2023-10-16T20:09:47","modified_gmt":"2023-10-16T18:09:47","slug":"looterps-idee","status":"publish","type":"page","link":"https:\/\/www.erps.de\/?page_id=336","title":{"rendered":"Die Idee &#8211; wie es zu Dungeons of Doria kam"},"content":{"rendered":"<p>Das initiale &#8220;Regelsystem&#8221; mit dem Arbeitstitel LootERPS entstand aus der Idee heraus, mehrere Dinge zu vereinen:<\/p>\n<ul>\n<li>Brettspiele nach Art von HeroQuest oder Descent, aber auch Zombiiies und Computerspiele wie Diablo oder Torchlight haben Anreize gegeben<\/li>\n<li>Eine M\u00f6glichkeit, dass alle gemeinsam gegen das Spiel antreten k\u00f6nnen (kein Spielleiter\/Dungeon-Master!) und die Dungeons zuf\u00e4llig entstehen sollen<\/li>\n<li>Rollenspielelemente sollen enthalten sein &#8211; Charakterwerte, sich verbessern\/lernen, vielleicht sogar einen Charakter selbst erstellen<\/li>\n<\/ul>\n<p>Dies f\u00fchrte zu der Idee eines kooperativen Brett-Spiels. Alle laufen gemeinsam durch ein sich zuf\u00e4llig aufbauendes Dungeon, das jedes mal neu aussieht und jedes mal andere M\u00f6glichkeiten bietet. Kein Spiel gleicht dem vorherigen, selbst wenn man das gleiche Szenario noch einmal spielt.<\/p>\n<p>Das Spiel nutzt ein \u00e4hnliches Rollenspiel-System wie B.ERPS &#8211; wenige Attribute, die gesteigert werden k\u00f6nnen, Fertigkeiten werden \u00fcber Kombination der Attribute abgebildet. Dennoch sind die Regeln nat\u00fcrlich mehr auf ein Brettspiel ausgelegt als auf Rollenspiel. Es gibt festere Regeln, Karten als Ausr\u00fcstung und eine Spielwelt, die man sehen kann. Perfekt f\u00fcr Rollenspiel-Einsteiger, um \u00fcberhaupt erst einmal zu sehen, was denn im Rollenspiel passiert und wie eine typische Kampfsituation aussieht.<\/p>\n<p>Als das Brettspiel namens LootERPS immer mehr reifte, wurden die Fragen nach dem Kauf immer lauter. Da es sehr entfernt auf Fantasy-ERPS basiert, welches in seiner <a href=\"https:\/\/www.erps.de\/?page_id=237\">eigenen Welt Doria<\/a> spielt, war recht schnell der Brettspielname &#8220;Dungeons of Doria&#8221; geboren, in dem man Verliese erkundet und die \u00fcblichen Monster einer Fantasy-Welt besiegt &#8211; inklusive der nur in Doria beheimateten <a href=\"https:\/\/www.erps.de\/?p=390\">Schleimkriecher<\/a>.<\/p>\n","protected":false},"excerpt":{"rendered":"<p>Das initiale &#8220;Regelsystem&#8221; mit dem Arbeitstitel LootERPS entstand aus der Idee heraus, mehrere Dinge zu vereinen: Brettspiele nach Art von HeroQuest oder Descent, aber auch Zombiiies und Computerspiele wie Diablo oder Torchlight haben Anreize gegeben Eine M\u00f6glichkeit, dass alle gemeinsam &hellip; <a class=\"more-link\" href=\"https:\/\/www.erps.de\/?page_id=336\">Continue reading <span class=\"meta-nav\">&rarr;<\/span><\/a><\/p>\n","protected":false},"author":3,"featured_media":666,"parent":0,"menu_order":0,"comment_status":"closed","ping_status":"closed","template":"","meta":[],"_links":{"self":[{"href":"https:\/\/www.erps.de\/index.php?rest_route=\/wp\/v2\/pages\/336"}],"collection":[{"href":"https:\/\/www.erps.de\/index.php?rest_route=\/wp\/v2\/pages"}],"about":[{"href":"https:\/\/www.erps.de\/index.php?rest_route=\/wp\/v2\/types\/page"}],"author":[{"embeddable":true,"href":"https:\/\/www.erps.de\/index.php?rest_route=\/wp\/v2\/users\/3"}],"replies":[{"embeddable":true,"href":"https:\/\/www.erps.de\/index.php?rest_route=%2Fwp%2Fv2%2Fcomments&post=336"}],"version-history":[{"count":7,"href":"https:\/\/www.erps.de\/index.php?rest_route=\/wp\/v2\/pages\/336\/revisions"}],"predecessor-version":[{"id":976,"href":"https:\/\/www.erps.de\/index.php?rest_route=\/wp\/v2\/pages\/336\/revisions\/976"}],"wp:featuredmedia":[{"embeddable":true,"href":"https:\/\/www.erps.de\/index.php?rest_route=\/wp\/v2\/media\/666"}],"wp:attachment":[{"href":"https:\/\/www.erps.de\/index.php?rest_route=%2Fwp%2Fv2%2Fmedia&parent=336"}],"curies":[{"name":"wp","href":"https:\/\/api.w.org\/{rel}","templated":true}]}}