{"id":46,"date":"2011-07-14T16:14:17","date_gmt":"2011-07-14T15:14:17","guid":{"rendered":"https:\/\/www.erps.de\/blog\/?page_id=46"},"modified":"2011-09-24T18:30:51","modified_gmt":"2011-09-24T16:30:51","slug":"b-erps","status":"publish","type":"page","link":"https:\/\/www.erps.de\/?page_id=46","title":{"rendered":"B.ERPS"},"content":{"rendered":"<p>B.ERPS steht f\u00fcr Bierdeckel-ERPS und ist so vereinfacht, dass es auf den sprichw\u00f6rtlichen Bierdeckel passt.<\/p>\n<p>B.ERPS wurde f\u00fcr Abenteuer in einer Western-\/Horror-\/Fun-Welt konzipiert; d.h. Cowboys vs. Monsters in den USA des 19. Jahrhunderts. Verr\u00fcckte Wissenschaftler, durchgeknallte Indianerschamanen, scharfe Westernschlampen, trunks\u00fcchtige Gl\u00fccksspieler und aufreizende Revolvermiezen sollten zum Abenteuer geh\u00f6ren, wie der Verzicht auf moderne Technik, ausgekl\u00fcgelte Magiesysteme und politische Korrektheit. Monster, Geister, Untote k\u00f6nnen gar nicht skurril und blutr\u00fcnstig genug sein&#8230;<\/p>\n<p><a title=\"Download der B.ERPS-Regeln\" href=\"https:\/\/www.erps.de\/?page_id=37&amp;wpfb_cat=11#wpfb-cat-11\">Download der Dateien<\/a><\/p>\n<p>&nbsp;<\/p>\n<p>&nbsp;<\/p>\n","protected":false},"excerpt":{"rendered":"<p>B.ERPS steht f\u00fcr Bierdeckel-ERPS und ist so vereinfacht, dass es auf den sprichw\u00f6rtlichen Bierdeckel passt. B.ERPS wurde f\u00fcr Abenteuer in einer Western-\/Horror-\/Fun-Welt konzipiert; d.h. Cowboys vs. Monsters in den USA des 19. Jahrhunderts. Verr\u00fcckte Wissenschaftler, durchgeknallte Indianerschamanen, scharfe Westernschlampen, trunks\u00fcchtige &hellip; <a class=\"more-link\" href=\"https:\/\/www.erps.de\/?page_id=46\">Continue reading <span class=\"meta-nav\">&rarr;<\/span><\/a><\/p>\n","protected":false},"author":1,"featured_media":120,"parent":0,"menu_order":100,"comment_status":"closed","ping_status":"closed","template":"","meta":[],"_links":{"self":[{"href":"https:\/\/www.erps.de\/index.php?rest_route=\/wp\/v2\/pages\/46"}],"collection":[{"href":"https:\/\/www.erps.de\/index.php?rest_route=\/wp\/v2\/pages"}],"about":[{"href":"https:\/\/www.erps.de\/index.php?rest_route=\/wp\/v2\/types\/page"}],"author":[{"embeddable":true,"href":"https:\/\/www.erps.de\/index.php?rest_route=\/wp\/v2\/users\/1"}],"replies":[{"embeddable":true,"href":"https:\/\/www.erps.de\/index.php?rest_route=%2Fwp%2Fv2%2Fcomments&post=46"}],"version-history":[{"count":16,"href":"https:\/\/www.erps.de\/index.php?rest_route=\/wp\/v2\/pages\/46\/revisions"}],"predecessor-version":[{"id":264,"href":"https:\/\/www.erps.de\/index.php?rest_route=\/wp\/v2\/pages\/46\/revisions\/264"}],"wp:featuredmedia":[{"embeddable":true,"href":"https:\/\/www.erps.de\/index.php?rest_route=\/wp\/v2\/media\/120"}],"wp:attachment":[{"href":"https:\/\/www.erps.de\/index.php?rest_route=%2Fwp%2Fv2%2Fmedia&parent=46"}],"curies":[{"name":"wp","href":"https:\/\/api.w.org\/{rel}","templated":true}]}}