{"id":53,"date":"2011-07-15T19:58:47","date_gmt":"2011-07-15T17:58:47","guid":{"rendered":"https:\/\/www.erps.de\/blog\/?page_id=53"},"modified":"2011-07-16T17:43:50","modified_gmt":"2011-07-16T15:43:50","slug":"space-erps","status":"publish","type":"page","link":"https:\/\/www.erps.de\/?page_id=53","title":{"rendered":"Space ERPS"},"content":{"rendered":"<p>Der Weltraum&#8230;<\/p>\n<p>2250. Die Menschheit ist in die Milchstra\u00dfe vorgedrungen und ist dabei auf faszinierende Spezies und gro\u00dfe Gefahren gesto\u00dfen. Wagemutige H\u00e4ndler und Entdecker bewegen sich an den R\u00e4ndern des bekannten Raums w\u00e4hrend Kopfgeldj\u00e4ger und milit\u00e4rische Spezialeinheiten Piraten oder unbekannte au\u00dferirdische Wesen bek\u00e4mpfen. Es ist eine Zeit des ungez\u00fcgelten technischen Fortschritts und der politischen Instabilit\u00e4t.<\/p>\n<p>ERPS goes Space. Implantate. Psi. Raumschiffe. Laser. Schilde. \u00dcberlichtschnelle Reisen. Au\u00dferirdische.<\/p>\n<p>Space ERPS basiert auf den Regeln des &#8220;Modern ERPS&#8221;.<\/p>\n","protected":false},"excerpt":{"rendered":"<p>Der Weltraum&#8230; 2250. Die Menschheit ist in die Milchstra\u00dfe vorgedrungen und ist dabei auf faszinierende Spezies und gro\u00dfe Gefahren gesto\u00dfen. Wagemutige H\u00e4ndler und Entdecker bewegen sich an den R\u00e4ndern des bekannten Raums w\u00e4hrend Kopfgeldj\u00e4ger und milit\u00e4rische Spezialeinheiten Piraten oder unbekannte &hellip; <a class=\"more-link\" href=\"https:\/\/www.erps.de\/?page_id=53\">Continue reading <span class=\"meta-nav\">&rarr;<\/span><\/a><\/p>\n","protected":false},"author":1,"featured_media":57,"parent":0,"menu_order":50,"comment_status":"closed","ping_status":"closed","template":"","meta":[],"_links":{"self":[{"href":"https:\/\/www.erps.de\/index.php?rest_route=\/wp\/v2\/pages\/53"}],"collection":[{"href":"https:\/\/www.erps.de\/index.php?rest_route=\/wp\/v2\/pages"}],"about":[{"href":"https:\/\/www.erps.de\/index.php?rest_route=\/wp\/v2\/types\/page"}],"author":[{"embeddable":true,"href":"https:\/\/www.erps.de\/index.php?rest_route=\/wp\/v2\/users\/1"}],"replies":[{"embeddable":true,"href":"https:\/\/www.erps.de\/index.php?rest_route=%2Fwp%2Fv2%2Fcomments&post=53"}],"version-history":[{"count":6,"href":"https:\/\/www.erps.de\/index.php?rest_route=\/wp\/v2\/pages\/53\/revisions"}],"predecessor-version":[{"id":105,"href":"https:\/\/www.erps.de\/index.php?rest_route=\/wp\/v2\/pages\/53\/revisions\/105"}],"wp:featuredmedia":[{"embeddable":true,"href":"https:\/\/www.erps.de\/index.php?rest_route=\/wp\/v2\/media\/57"}],"wp:attachment":[{"href":"https:\/\/www.erps.de\/index.php?rest_route=%2Fwp%2Fv2%2Fmedia&parent=53"}],"curies":[{"name":"wp","href":"https:\/\/api.w.org\/{rel}","templated":true}]}}