{"id":779,"date":"2021-09-17T16:20:11","date_gmt":"2021-09-17T14:20:11","guid":{"rendered":"https:\/\/www.erps.de\/?page_id=779"},"modified":"2021-09-17T23:26:22","modified_gmt":"2021-09-17T21:26:22","slug":"ernsthaft-bloggen","status":"publish","type":"page","link":"https:\/\/www.erps.de\/?page_id=779","title":{"rendered":"Ernsthaft Bloggen"},"content":{"rendered":"<ul class=\"wp-block-latest-posts__list has-dates wp-block-latest-posts\"><li><a href=\"https:\/\/www.erps.de\/?p=783\">Dune (2021) \u2013 Besser als sein Vorg\u00e4nger?<\/a><time datetime=\"2021-09-18T00:30:00+02:00\" class=\"wp-block-latest-posts__post-date\">2021-09-18<\/time><div class=\"wp-block-latest-posts__post-excerpt\">Das wichtigste zuerst: Wie schl\u00e4gt sich die Neuverfilmung des Kultklassikers Dune? Kurz gesagt: Es handelt sich um einen guten Film. Leider ist es nicht das erhoffte Meisterwerk geworden und ich werde meine Meinung dazu detailliert darlegen. Im Gegensatz zur popul\u00e4ren Ansicht hat mir der David Lynch-Film aus dem Jahr 1984 recht gut gefallen. Es war eine recht werkgetreue Umsetzung, hatte zur damaligen Zeit bekannte Schauspieler, die gr\u00f6\u00dftenteils eine gute Leistung abgeliefert haben, pr\u00e4sentierte erwachsene Themen und war technisch nicht ganz so schlecht, wie er heute geredet wird. Problematisch wird der Film ab dem Moment, in dem Paul Atreides die F\u00fchrung &hellip; <a class=\"more-link\" href=\"https:\/\/www.erps.de\/?p=783\">Continue reading <span class=\"meta-nav\">&rarr;<\/span><\/a><\/div><\/li>\n<\/ul>","protected":false},"excerpt":{"rendered":"","protected":false},"author":1,"featured_media":0,"parent":0,"menu_order":0,"comment_status":"closed","ping_status":"closed","template":"","meta":[],"_links":{"self":[{"href":"https:\/\/www.erps.de\/index.php?rest_route=\/wp\/v2\/pages\/779"}],"collection":[{"href":"https:\/\/www.erps.de\/index.php?rest_route=\/wp\/v2\/pages"}],"about":[{"href":"https:\/\/www.erps.de\/index.php?rest_route=\/wp\/v2\/types\/page"}],"author":[{"embeddable":true,"href":"https:\/\/www.erps.de\/index.php?rest_route=\/wp\/v2\/users\/1"}],"replies":[{"embeddable":true,"href":"https:\/\/www.erps.de\/index.php?rest_route=%2Fwp%2Fv2%2Fcomments&post=779"}],"version-history":[{"count":2,"href":"https:\/\/www.erps.de\/index.php?rest_route=\/wp\/v2\/pages\/779\/revisions"}],"predecessor-version":[{"id":787,"href":"https:\/\/www.erps.de\/index.php?rest_route=\/wp\/v2\/pages\/779\/revisions\/787"}],"wp:attachment":[{"href":"https:\/\/www.erps.de\/index.php?rest_route=%2Fwp%2Fv2%2Fmedia&parent=779"}],"curies":[{"name":"wp","href":"https:\/\/api.w.org\/{rel}","templated":true}]}}